{"id":896,"date":"2022-11-15T10:31:35","date_gmt":"2022-11-15T16:31:35","guid":{"rendered":"https:\/\/iesbenitojuarez.edu.mx\/home\/?page_id=896"},"modified":"2022-11-28T13:41:18","modified_gmt":"2022-11-28T19:41:18","slug":"quienes-somos","status":"publish","type":"page","link":"https:\/\/iesbenitojuarez.edu.mx\/home\/index.php\/quienes-somos\/","title":{"rendered":"\u00bfQui\u00e9nes somos?"},"content":{"rendered":"\t\t<div data-elementor-type=\"wp-page\" data-elementor-id=\"896\" class=\"elementor elementor-896\">\n\t\t\t\t\t\t\t\t\t<section class=\"elementor-section elementor-top-section elementor-element elementor-element-273961d elementor-section-boxed elementor-section-height-default elementor-section-height-default\" data-id=\"273961d\" data-element_type=\"section\">\n\t\t\t\t\t\t<div class=\"elementor-container elementor-column-gap-default\">\n\t\t\t\t\t<div class=\"elementor-column elementor-col-100 elementor-top-column elementor-element elementor-element-8fb97ad\" data-id=\"8fb97ad\" data-element_type=\"column\">\n\t\t\t<div class=\"elementor-widget-wrap elementor-element-populated\">\n\t\t\t\t\t\t\t\t<div class=\"elementor-element elementor-element-e7fe449 elementor-widget elementor-widget-heading\" data-id=\"e7fe449\" data-element_type=\"widget\" data-widget_type=\"heading.default\">\n\t\t\t\t<div class=\"elementor-widget-container\">\n\t\t\t<style>\/*! elementor - v3.7.8 - 02-10-2022 *\/\n.elementor-heading-title{padding:0;margin:0;line-height:1}.elementor-widget-heading .elementor-heading-title[class*=elementor-size-]>a{color:inherit;font-size:inherit;line-height:inherit}.elementor-widget-heading .elementor-heading-title.elementor-size-small{font-size:15px}.elementor-widget-heading .elementor-heading-title.elementor-size-medium{font-size:19px}.elementor-widget-heading .elementor-heading-title.elementor-size-large{font-size:29px}.elementor-widget-heading .elementor-heading-title.elementor-size-xl{font-size:39px}.elementor-widget-heading .elementor-heading-title.elementor-size-xxl{font-size:59px}<\/style><h1 class=\"elementor-heading-title elementor-size-default\">Mensaje de Bienvenida del Director<\/h1>\t\t<\/div>\n\t\t\t\t<\/div>\n\t\t\t\t<section class=\"elementor-section elementor-inner-section elementor-element elementor-element-31468d2 elementor-section-boxed elementor-section-height-default elementor-section-height-default\" data-id=\"31468d2\" data-element_type=\"section\">\n\t\t\t\t\t\t<div class=\"elementor-container elementor-column-gap-default\">\n\t\t\t\t\t<div class=\"elementor-column elementor-col-50 elementor-inner-column elementor-element elementor-element-62b88ac\" data-id=\"62b88ac\" data-element_type=\"column\">\n\t\t\t<div class=\"elementor-widget-wrap elementor-element-populated\">\n\t\t\t\t\t\t\t\t<div class=\"elementor-element elementor-element-903b854 elementor-widget elementor-widget-image\" data-id=\"903b854\" data-element_type=\"widget\" data-widget_type=\"image.default\">\n\t\t\t\t<div class=\"elementor-widget-container\">\n\t\t\t<style>\/*! elementor - v3.7.8 - 02-10-2022 *\/\n.elementor-widget-image{text-align:center}.elementor-widget-image a{display:inline-block}.elementor-widget-image a img[src$=\".svg\"]{width:48px}.elementor-widget-image img{vertical-align:middle;display:inline-block}<\/style>\t\t\t\t\t\t\t\t\t\t\t\t<img width=\"640\" height=\"634\" src=\"https:\/\/iesbenitojuarez.edu.mx\/home\/wp-content\/uploads\/2022\/11\/director.jpeg\" class=\"attachment-large size-large\" alt=\"\" loading=\"lazy\" srcset=\"https:\/\/iesbenitojuarez.edu.mx\/home\/wp-content\/uploads\/2022\/11\/director.jpeg 904w, https:\/\/iesbenitojuarez.edu.mx\/home\/wp-content\/uploads\/2022\/11\/director-300x297.jpeg 300w, https:\/\/iesbenitojuarez.edu.mx\/home\/wp-content\/uploads\/2022\/11\/director-150x150.jpeg 150w, https:\/\/iesbenitojuarez.edu.mx\/home\/wp-content\/uploads\/2022\/11\/director-768x761.jpeg 768w\" sizes=\"(max-width: 640px) 100vw, 640px\" \/>\t\t\t\t\t\t\t\t\t\t\t\t\t\t\t<\/div>\n\t\t\t\t<\/div>\n\t\t\t\t\t<\/div>\n\t\t<\/div>\n\t\t\t\t<div class=\"elementor-column elementor-col-50 elementor-inner-column elementor-element elementor-element-97c76a3\" data-id=\"97c76a3\" data-element_type=\"column\">\n\t\t\t<div class=\"elementor-widget-wrap elementor-element-populated\">\n\t\t\t\t\t\t\t\t<div class=\"elementor-element elementor-element-b8fc5da elementor-widget elementor-widget-text-editor\" data-id=\"b8fc5da\" data-element_type=\"widget\" data-widget_type=\"text-editor.default\">\n\t\t\t\t<div class=\"elementor-widget-container\">\n\t\t\t<style>\/*! elementor - v3.7.8 - 02-10-2022 *\/\n.elementor-widget-text-editor.elementor-drop-cap-view-stacked .elementor-drop-cap{background-color:#818a91;color:#fff}.elementor-widget-text-editor.elementor-drop-cap-view-framed .elementor-drop-cap{color:#818a91;border:3px solid;background-color:transparent}.elementor-widget-text-editor:not(.elementor-drop-cap-view-default) .elementor-drop-cap{margin-top:8px}.elementor-widget-text-editor:not(.elementor-drop-cap-view-default) .elementor-drop-cap-letter{width:1em;height:1em}.elementor-widget-text-editor .elementor-drop-cap{float:left;text-align:center;line-height:1;font-size:50px}.elementor-widget-text-editor .elementor-drop-cap-letter{display:inline-block}<\/style>\t\t\t\t<p>\u00a1Familia! Siempre es un placer conocer nuevos estudiantes, siempre es un placer saludar a mis compa\u00f1eros catedr\u00e1ticos, mis administrativos y al estudiante postulante, a todos ustedes me da mucho gusto abrirles la puerta en esta p\u00e1gina web, para que conozcan nuestra casa, su casa.<\/p><p>El IESBJ, se caracteriza por la educaci\u00f3n de calidad, por buscar oportunidades laborales para los alumnos y en generar alumnos titulados, con c\u00e9dula profesional, lo cu\u00e1l les ayuda demasiado para conseguir un buen trabajo.<\/p><p>En esta vida el trabajo duro es pieza fundamental para cumplir cualquier meta, desde el principio, la meta de terminar nuestra educaci\u00f3n b\u00e1sica, posterior, la meta de terminar la licenciatura y sigue esa lucha con el trabajo duro al finalizar la licenciatura y trabajar por los intereses de cada uno de ustedes, sea cual sea ese inter\u00e9s siempre que los gu\u00ede hacia la felicidad.<\/p><p>El IESBJ puede ser su fortaleza, su confidente o refugio, su educaci\u00f3n debe de ser su pasi\u00f3n m\u00e1s fuerte y los conocimientos, que los docentes les proporcionen, su herramienta fundamental para el cumplir con sus objetivos, estoy seguro que el d\u00eda de ma\u00f1ana los lograr\u00e9 ver estudiantes convertidos en profesionales y me sentir\u00e9 orgulloso de lo que lograron hacer.<\/p><p>Espero que este a\u00f1o y los que sigan sean a\u00f1os llenos de actividades productivas, an\u00e9cdotas alegres y mucho conocimiento en sus \u00e1reas siempre tratando de lograr una \u201cEducaci\u00f3n para el \u00e9xito\u201d.<\/p><p style=\"text-align: right;\">MTRO. EDILBERTO V\u00c1ZQUEZ GONZ\u00c1LEZ.<\/p>\t\t\t\t\t\t<\/div>\n\t\t\t\t<\/div>\n\t\t\t\t\t<\/div>\n\t\t<\/div>\n\t\t\t\t\t\t\t<\/div>\n\t\t<\/section>\n\t\t\t\t\t<\/div>\n\t\t<\/div>\n\t\t\t\t\t\t\t<\/div>\n\t\t<\/section>\n\t\t\t\t<section class=\"elementor-section elementor-top-section elementor-element elementor-element-595cb1a elementor-section-boxed elementor-section-height-default elementor-section-height-default\" data-id=\"595cb1a\" data-element_type=\"section\">\n\t\t\t\t\t\t<div class=\"elementor-container elementor-column-gap-default\">\n\t\t\t\t\t<div class=\"elementor-column elementor-col-100 elementor-top-column elementor-element elementor-element-869fbe3\" data-id=\"869fbe3\" data-element_type=\"column\">\n\t\t\t<div class=\"elementor-widget-wrap elementor-element-populated\">\n\t\t\t\t\t\t\t\t<section class=\"elementor-section elementor-inner-section elementor-element elementor-element-0c13bba elementor-section-boxed elementor-section-height-default elementor-section-height-default\" data-id=\"0c13bba\" data-element_type=\"section\">\n\t\t\t\t\t\t<div class=\"elementor-container elementor-column-gap-default\">\n\t\t\t\t\t<div class=\"elementor-column elementor-col-100 elementor-inner-column elementor-element elementor-element-6f46ebc\" data-id=\"6f46ebc\" data-element_type=\"column\">\n\t\t\t<div class=\"elementor-widget-wrap elementor-element-populated\">\n\t\t\t\t\t\t\t\t<div class=\"elementor-element elementor-element-ed653b1 elementor-widget elementor-widget-elementskit-heading\" data-id=\"ed653b1\" data-element_type=\"widget\" data-widget_type=\"elementskit-heading.default\">\n\t\t\t\t<div class=\"elementor-widget-container\">\n\t\t\t<div class=\"ekit-wid-con\" ><div class=\"ekit-heading elementskit-section-title-wraper text_center   ekit_heading_tablet-   ekit_heading_mobile-\"><h2 class=\"ekit-heading--title elementskit-section-title \">\n\t\t\t\t\tMisi\u00f3n\n\t\t\t\t\t<\/h2>\t\t\t\t<div class='ekit-heading__description'>\n\t\t\t\t\t<p>Somos una instituci\u00f3n de educaci\u00f3n superior integrada por un equipo de docentes altamente capacitados y comprometidos con la preparaci\u00f3n de profesionistas de clase mundial mediante un modelo educativo basado en capacitaci\u00f3n y entrenamiento, conocido como Licenciaturas.<\/p>\n\t\t\t\t<\/div>\n\t\t\t<\/div><\/div>\t\t<\/div>\n\t\t\t\t<\/div>\n\t\t\t\t<div class=\"elementor-element elementor-element-8df3381 elementor-widget elementor-widget-image\" data-id=\"8df3381\" data-element_type=\"widget\" data-widget_type=\"image.default\">\n\t\t\t\t<div class=\"elementor-widget-container\">\n\t\t\t\t\t\t\t\t\t\t\t\t\t\t\t<img width=\"300\" height=\"166\" src=\"https:\/\/iesbenitojuarez.edu.mx\/home\/wp-content\/uploads\/2022\/10\/validez-300x166.png\" class=\"attachment-medium size-medium\" alt=\"\" loading=\"lazy\" srcset=\"https:\/\/iesbenitojuarez.edu.mx\/home\/wp-content\/uploads\/2022\/10\/validez-300x166.png 300w, https:\/\/iesbenitojuarez.edu.mx\/home\/wp-content\/uploads\/2022\/10\/validez-768x424.png 768w, https:\/\/iesbenitojuarez.edu.mx\/home\/wp-content\/uploads\/2022\/10\/validez.png 833w\" sizes=\"(max-width: 300px) 100vw, 300px\" \/>\t\t\t\t\t\t\t\t\t\t\t\t\t\t\t<\/div>\n\t\t\t\t<\/div>\n\t\t\t\t\t<\/div>\n\t\t<\/div>\n\t\t\t\t\t\t\t<\/div>\n\t\t<\/section>\n\t\t\t\t\t<\/div>\n\t\t<\/div>\n\t\t\t\t\t\t\t<\/div>\n\t\t<\/section>\n\t\t\t\t<section class=\"elementor-section elementor-top-section elementor-element elementor-element-f52ca39 elementor-section-boxed elementor-section-height-default elementor-section-height-default\" data-id=\"f52ca39\" data-element_type=\"section\" data-settings=\"{&quot;animation&quot;:&quot;none&quot;,&quot;animation_delay&quot;:2}\">\n\t\t\t\t\t\t<div class=\"elementor-container elementor-column-gap-default\">\n\t\t\t\t\t<div class=\"elementor-column elementor-col-100 elementor-top-column elementor-element elementor-element-0520428\" data-id=\"0520428\" data-element_type=\"column\">\n\t\t\t<div class=\"elementor-widget-wrap elementor-element-populated\">\n\t\t\t\t\t\t\t\t<section class=\"elementor-section elementor-inner-section elementor-element elementor-element-f65b120 elementor-section-boxed elementor-section-height-default elementor-section-height-default\" data-id=\"f65b120\" data-element_type=\"section\">\n\t\t\t\t\t\t<div class=\"elementor-container elementor-column-gap-default\">\n\t\t\t\t\t<div class=\"elementor-column elementor-col-100 elementor-inner-column elementor-element elementor-element-43b7fd6\" data-id=\"43b7fd6\" data-element_type=\"column\">\n\t\t\t<div class=\"elementor-widget-wrap elementor-element-populated\">\n\t\t\t\t\t\t\t\t<div class=\"elementor-element elementor-element-6c40b7b elementor-widget elementor-widget-elementskit-heading\" data-id=\"6c40b7b\" data-element_type=\"widget\" data-widget_type=\"elementskit-heading.default\">\n\t\t\t\t<div class=\"elementor-widget-container\">\n\t\t\t<div class=\"ekit-wid-con\" ><div class=\"ekit-heading elementskit-section-title-wraper text_center   ekit_heading_tablet-   ekit_heading_mobile-\"><h2 class=\"ekit-heading--title elementskit-section-title \">\n\t\t\t\t\tVisi\u00f3n\n\t\t\t\t\t<\/h2>\t\t\t\t<div class='ekit-heading__description'>\n\t\t\t\t\t<p>El Instituto de Ense\u00f1anza Superior Benito Ju\u00e1rez Es considerado fuente de soluciones a problemas trascendentes de la regi\u00f3n, cuenta con centros de dise\u00f1o y consultor\u00eda para programas gubernamentales y pol\u00edticas p\u00fablicas y de empresas privadas. Con liderazgo en los servicios de educaci\u00f3n superior privada.<\/p>\n\t\t\t\t<\/div>\n\t\t\t<\/div><\/div>\t\t<\/div>\n\t\t\t\t<\/div>\n\t\t\t\t<div class=\"elementor-element elementor-element-a931d10 elementor-widget elementor-widget-image\" data-id=\"a931d10\" data-element_type=\"widget\" data-widget_type=\"image.default\">\n\t\t\t\t<div class=\"elementor-widget-container\">\n\t\t\t\t\t\t\t\t\t\t\t\t\t\t\t<img width=\"300\" height=\"242\" src=\"https:\/\/iesbenitojuarez.edu.mx\/home\/wp-content\/uploads\/2022\/10\/logo-300x242.png\" class=\"attachment-medium size-medium\" alt=\"\" loading=\"lazy\" srcset=\"https:\/\/iesbenitojuarez.edu.mx\/home\/wp-content\/uploads\/2022\/10\/logo-300x242.png 300w, https:\/\/iesbenitojuarez.edu.mx\/home\/wp-content\/uploads\/2022\/10\/logo-768x620.png 768w, https:\/\/iesbenitojuarez.edu.mx\/home\/wp-content\/uploads\/2022\/10\/logo.png 929w\" sizes=\"(max-width: 300px) 100vw, 300px\" \/>\t\t\t\t\t\t\t\t\t\t\t\t\t\t\t<\/div>\n\t\t\t\t<\/div>\n\t\t\t\t\t<\/div>\n\t\t<\/div>\n\t\t\t\t\t\t\t<\/div>\n\t\t<\/section>\n\t\t\t\t\t<\/div>\n\t\t<\/div>\n\t\t\t\t\t\t\t<\/div>\n\t\t<\/section>\n\t\t\t\t\t\t\t<\/div>\n\t\t","protected":false},"excerpt":{"rendered":"<p>Mensaje de Bienvenida del Director \u00a1Familia! Siempre es un placer conocer nuevos estudiantes, siempre es un placer saludar a mis compa\u00f1eros catedr\u00e1ticos, mis administrativos y al estudiante postulante, a todos ustedes me da mucho gusto abrirles la puerta en esta p\u00e1gina web,&#8230;<\/p>\n","protected":false},"author":1,"featured_media":0,"parent":0,"menu_order":0,"comment_status":"closed","ping_status":"closed","template":"elementor_header_footer","meta":{"_editorskit_title_hidden":false,"_editorskit_reading_time":0,"_editorskit_is_block_options_detached":false,"_editorskit_block_options_position":"{}"},"jetpack_sharing_enabled":true,"jetpack_likes_enabled":true,"_links":{"self":[{"href":"https:\/\/iesbenitojuarez.edu.mx\/home\/index.php\/wp-json\/wp\/v2\/pages\/896"}],"collection":[{"href":"https:\/\/iesbenitojuarez.edu.mx\/home\/index.php\/wp-json\/wp\/v2\/pages"}],"about":[{"href":"https:\/\/iesbenitojuarez.edu.mx\/home\/index.php\/wp-json\/wp\/v2\/types\/page"}],"author":[{"embeddable":true,"href":"https:\/\/iesbenitojuarez.edu.mx\/home\/index.php\/wp-json\/wp\/v2\/users\/1"}],"replies":[{"embeddable":true,"href":"https:\/\/iesbenitojuarez.edu.mx\/home\/index.php\/wp-json\/wp\/v2\/comments?post=896"}],"version-history":[{"count":12,"href":"https:\/\/iesbenitojuarez.edu.mx\/home\/index.php\/wp-json\/wp\/v2\/pages\/896\/revisions"}],"predecessor-version":[{"id":1093,"href":"https:\/\/iesbenitojuarez.edu.mx\/home\/index.php\/wp-json\/wp\/v2\/pages\/896\/revisions\/1093"}],"wp:attachment":[{"href":"https:\/\/iesbenitojuarez.edu.mx\/home\/index.php\/wp-json\/wp\/v2\/media?parent=896"}],"curies":[{"name":"wp","href":"https:\/\/api.w.org\/{rel}","templated":true}]}}