{"id":74,"date":"2022-08-25T00:40:55","date_gmt":"2022-08-25T00:40:55","guid":{"rendered":"https:\/\/iesbenitojuarez.edu.mx\/home\/?page_id=74"},"modified":"2025-06-16T20:00:06","modified_gmt":"2025-06-17T02:00:06","slug":"agenda-una-cita","status":"publish","type":"page","link":"https:\/\/iesbenitojuarez.edu.mx\/home\/index.php\/agenda-una-cita\/","title":{"rendered":"Agenda una cita"},"content":{"rendered":"\t\t<div data-elementor-type=\"wp-page\" data-elementor-id=\"74\" class=\"elementor elementor-74\">\n\t\t\t\t\t\t\t\t\t<section class=\"elementor-section elementor-top-section elementor-element elementor-element-f7cc224 elementor-section-boxed elementor-section-height-default elementor-section-height-default\" data-id=\"f7cc224\" data-element_type=\"section\">\n\t\t\t\t\t\t<div class=\"elementor-container elementor-column-gap-default\">\n\t\t\t\t\t<div class=\"elementor-column elementor-col-100 elementor-top-column elementor-element elementor-element-0e5ca8c\" data-id=\"0e5ca8c\" data-element_type=\"column\">\n\t\t\t<div class=\"elementor-widget-wrap elementor-element-populated\">\n\t\t\t\t\t\t\t\t<div class=\"elementor-element elementor-element-35c90bc elementor-widget elementor-widget-heading\" data-id=\"35c90bc\" data-element_type=\"widget\" data-widget_type=\"heading.default\">\n\t\t\t\t<div class=\"elementor-widget-container\">\n\t\t\t<style>\/*! elementor - v3.7.8 - 02-10-2022 *\/\n.elementor-heading-title{padding:0;margin:0;line-height:1}.elementor-widget-heading .elementor-heading-title[class*=elementor-size-]>a{color:inherit;font-size:inherit;line-height:inherit}.elementor-widget-heading .elementor-heading-title.elementor-size-small{font-size:15px}.elementor-widget-heading .elementor-heading-title.elementor-size-medium{font-size:19px}.elementor-widget-heading .elementor-heading-title.elementor-size-large{font-size:29px}.elementor-widget-heading .elementor-heading-title.elementor-size-xl{font-size:39px}.elementor-widget-heading .elementor-heading-title.elementor-size-xxl{font-size:59px}<\/style><h2 class=\"elementor-heading-title elementor-size-default\">Agenda una cita<\/h2>\t\t<\/div>\n\t\t\t\t<\/div>\n\t\t\t\t<div class=\"elementor-element elementor-element-ed77318 elementor-widget elementor-widget-text-editor\" data-id=\"ed77318\" data-element_type=\"widget\" data-widget_type=\"text-editor.default\">\n\t\t\t\t<div class=\"elementor-widget-container\">\n\t\t\t<style>\/*! elementor - v3.7.8 - 02-10-2022 *\/\n.elementor-widget-text-editor.elementor-drop-cap-view-stacked .elementor-drop-cap{background-color:#818a91;color:#fff}.elementor-widget-text-editor.elementor-drop-cap-view-framed .elementor-drop-cap{color:#818a91;border:3px solid;background-color:transparent}.elementor-widget-text-editor:not(.elementor-drop-cap-view-default) .elementor-drop-cap{margin-top:8px}.elementor-widget-text-editor:not(.elementor-drop-cap-view-default) .elementor-drop-cap-letter{width:1em;height:1em}.elementor-widget-text-editor .elementor-drop-cap{float:left;text-align:center;line-height:1;font-size:50px}.elementor-widget-text-editor .elementor-drop-cap-letter{display:inline-block}<\/style>\t\t\t\t<p><span style=\"font-weight: 400;\">Estamos aqu\u00ed para ayudarte\u00a0<\/span><\/p><p><span style=\"font-weight: 400;\">Si quieres solicitar m\u00e1s informaci\u00f3n, puedes rellenar el siguiente formulario y envi\u00e1rnoslo. Uno de nuestros asesores se pondr\u00e1 en contacto contigo en las pr\u00f3ximas 24 horas para resolver tus dudas y ofrecerte toda la informaci\u00f3n que necesites.<\/span><\/p>\t\t\t\t\t\t<\/div>\n\t\t\t\t<\/div>\n\t\t\t\t<section class=\"elementor-section elementor-inner-section elementor-element elementor-element-acb8818 elementor-section-boxed elementor-section-height-default elementor-section-height-default\" data-id=\"acb8818\" data-element_type=\"section\">\n\t\t\t\t\t\t<div class=\"elementor-container elementor-column-gap-default\">\n\t\t\t\t\t<div class=\"elementor-column elementor-col-50 elementor-inner-column elementor-element elementor-element-71069f7\" data-id=\"71069f7\" data-element_type=\"column\">\n\t\t\t<div class=\"elementor-widget-wrap elementor-element-populated\">\n\t\t\t\t\t\t\t\t<div class=\"elementor-element elementor-element-a7fecf0 elementor-widget elementor-widget-wpforms\" data-id=\"a7fecf0\" data-element_type=\"widget\" data-widget_type=\"wpforms.default\">\n\t\t\t\t<div class=\"elementor-widget-container\">\n\t\t\t<div class=\"wpforms-container wpforms-container-full\" id=\"wpforms-368\"><form id=\"wpforms-form-368\" class=\"wpforms-validate wpforms-form wpforms-ajax-form\" data-formid=\"368\" method=\"post\" enctype=\"multipart\/form-data\" action=\"\/home\/index.php\/wp-json\/wp\/v2\/pages\/74\" data-token=\"d15f15699b5389b6ff656593a9e8ba75\"><noscript class=\"wpforms-error-noscript\">Por favor, activa JavaScript en tu navegador para completar este formulario.<\/noscript><div class=\"wpforms-field-container\"><div id=\"wpforms-368-field_2-container\" class=\"wpforms-field wpforms-field-select wpforms-field-select-style-classic\" data-field-id=\"2\"><label class=\"wpforms-field-label\" for=\"wpforms-368-field_2\">Licenciatura que desea estudiar  <span class=\"wpforms-required-label\">*<\/span><\/label><select id=\"wpforms-368-field_2\" class=\"wpforms-field-medium wpforms-field-required\" name=\"wpforms[fields][2]\" required=\"required\"><option value=\"\" class=\"placeholder\" disabled >Selecciona una opci\u00f3n<\/option><option value=\"Contadur\u00eda y finanzas\"  selected='selected'>Contadur\u00eda y finanzas<\/option><option value=\"Derecho\" >Derecho<\/option><\/select><\/div><div id=\"wpforms-368-field_4-container\" class=\"wpforms-field wpforms-field-text\" data-field-id=\"4\"><label class=\"wpforms-field-label\" for=\"wpforms-368-field_4\">Nombre(s) <span class=\"wpforms-required-label\">*<\/span><\/label><input type=\"text\" id=\"wpforms-368-field_4\" class=\"wpforms-field-medium wpforms-field-required wpforms-limit-characters-enabled\" data-form-id=\"368\" data-field-id=\"4\" data-text-limit=\"50\" name=\"wpforms[fields][4]\" maxlength=\"50\" required><\/div><div id=\"wpforms-368-field_5-container\" class=\"wpforms-field wpforms-field-text\" data-field-id=\"5\"><label class=\"wpforms-field-label\" for=\"wpforms-368-field_5\">Apellidos <span class=\"wpforms-required-label\">*<\/span><\/label><input type=\"text\" id=\"wpforms-368-field_5\" class=\"wpforms-field-medium wpforms-field-required wpforms-limit-characters-enabled\" data-form-id=\"368\" data-field-id=\"5\" data-text-limit=\"80\" name=\"wpforms[fields][5]\" maxlength=\"80\" required><\/div><div id=\"wpforms-368-field_6-container\" class=\"wpforms-field wpforms-field-text\" data-field-id=\"6\"><label class=\"wpforms-field-label\" for=\"wpforms-368-field_6\">Preparatoria de la cual egreso <span class=\"wpforms-required-label\">*<\/span><\/label><input type=\"text\" id=\"wpforms-368-field_6\" class=\"wpforms-field-medium wpforms-field-required wpforms-limit-characters-enabled\" data-form-id=\"368\" data-field-id=\"6\" data-text-limit=\"100\" name=\"wpforms[fields][6]\" maxlength=\"100\" required><\/div><div id=\"wpforms-368-field_8-container\" class=\"wpforms-field wpforms-field-text\" data-field-id=\"8\"><label class=\"wpforms-field-label\" for=\"wpforms-368-field_8\">Tel\u00e9fono <span class=\"wpforms-required-label\">*<\/span><\/label><input type=\"text\" id=\"wpforms-368-field_8\" class=\"wpforms-field-medium wpforms-field-required wpforms-limit-characters-enabled\" data-form-id=\"368\" data-field-id=\"8\" data-text-limit=\"15\" name=\"wpforms[fields][8]\" maxlength=\"15\" required><\/div><div id=\"wpforms-368-field_9-container\" class=\"wpforms-field wpforms-field-radio\" data-field-id=\"9\"><label class=\"wpforms-field-label\" for=\"wpforms-368-field_9\">Quiero que me contacten por WhatsApp <span class=\"wpforms-required-label\">*<\/span><\/label><ul id=\"wpforms-368-field_9\" class=\"wpforms-field-required\"><li class=\"choice-1 depth-1\"><input type=\"radio\" id=\"wpforms-368-field_9_1\" name=\"wpforms[fields][9]\" value=\"Si\" required ><label class=\"wpforms-field-label-inline\" for=\"wpforms-368-field_9_1\">Si<\/label><\/li><li class=\"choice-2 depth-1\"><input type=\"radio\" id=\"wpforms-368-field_9_2\" name=\"wpforms[fields][9]\" value=\"No\" required ><label class=\"wpforms-field-label-inline\" for=\"wpforms-368-field_9_2\">No<\/label><\/li><\/ul><\/div><div id=\"wpforms-368-field_10-container\" class=\"wpforms-field wpforms-field-checkbox\" data-field-id=\"10\"><label class=\"wpforms-field-label\" for=\"wpforms-368-field_10\">He le\u00eddo y acepto la Pol\u00edtica de Privacidad  <span class=\"wpforms-required-label\">*<\/span><\/label><ul id=\"wpforms-368-field_10\" class=\"wpforms-field-required\"><li class=\"choice-1 depth-1\"><input type=\"checkbox\" id=\"wpforms-368-field_10_1\" name=\"wpforms[fields][10][]\" value=\"Si\" required ><label class=\"wpforms-field-label-inline\" for=\"wpforms-368-field_10_1\">Si<\/label><\/li><\/ul><div class=\"wpforms-field-description\"><a href=\"https:\/\/iesbenitojuarez.edu.mx\/home\/index.php\/aviso-de-privacidad\" target=\"_blank\">Leer la Pol\u00edtica de Privacidad aqu\u00ed<\/a><\/div><\/div><\/div><div class=\"wpforms-submit-container\"><input type=\"hidden\" name=\"wpforms[id]\" value=\"368\"><input type=\"hidden\" name=\"wpforms[author]\" value=\"1\"><button type=\"submit\" name=\"wpforms[submit]\" id=\"wpforms-submit-368\" class=\"wpforms-submit\" data-alt-text=\"ENVIANDO MENSAJE...\" data-submit-text=\"SOLICITA INFORMACI\u00d3N\" aria-live=\"assertive\" value=\"wpforms-submit\">SOLICITA INFORMACI\u00d3N<\/button><img loading=\"lazy\" src=\"https:\/\/iesbenitojuarez.edu.mx\/home\/wp-content\/plugins\/wpforms-lite\/assets\/images\/submit-spin.svg\" class=\"wpforms-submit-spinner\" style=\"display: none;\" width=\"26\" height=\"26\" alt=\"Cargando\"><\/div><\/form><\/div>  <!-- .wpforms-container -->\t\t<\/div>\n\t\t\t\t<\/div>\n\t\t\t\t\t<\/div>\n\t\t<\/div>\n\t\t\t\t<div class=\"elementor-column elementor-col-50 elementor-inner-column elementor-element elementor-element-b088ac6\" data-id=\"b088ac6\" data-element_type=\"column\">\n\t\t\t<div class=\"elementor-widget-wrap elementor-element-populated\">\n\t\t\t\t\t\t\t\t<div class=\"elementor-element elementor-element-a08da9a elementor-widget elementor-widget-text-editor\" data-id=\"a08da9a\" data-element_type=\"widget\" data-widget_type=\"text-editor.default\">\n\t\t\t\t<div class=\"elementor-widget-container\">\n\t\t\t\t\t\t\t<p>Los estudios de Licenciaturas que te ofrecemos en el IESBJ tienen el Reconocimiento de Validez Oficial de Estudios (RVOE) y est\u00e1n reconocidos por la Secretaria de Educaci\u00f3n P\u00fablica (SEP)<\/p>\t\t\t\t\t\t<\/div>\n\t\t\t\t<\/div>\n\t\t\t\t<div class=\"elementor-element elementor-element-297db44 elementor-widget elementor-widget-image\" data-id=\"297db44\" data-element_type=\"widget\" data-widget_type=\"image.default\">\n\t\t\t\t<div class=\"elementor-widget-container\">\n\t\t\t<style>\/*! elementor - v3.7.8 - 02-10-2022 *\/\n.elementor-widget-image{text-align:center}.elementor-widget-image a{display:inline-block}.elementor-widget-image a img[src$=\".svg\"]{width:48px}.elementor-widget-image img{vertical-align:middle;display:inline-block}<\/style>\t\t\t\t\t\t\t\t\t\t\t\t<img width=\"251\" height=\"133\" src=\"https:\/\/iesbenitojuarez.edu.mx\/home\/wp-content\/uploads\/2022\/12\/unnamed-251x133-1.png\" class=\"attachment-medium size-medium\" alt=\"\" loading=\"lazy\" \/>\t\t\t\t\t\t\t\t\t\t\t\t\t\t\t<\/div>\n\t\t\t\t<\/div>\n\t\t\t\t\t<\/div>\n\t\t<\/div>\n\t\t\t\t\t\t\t<\/div>\n\t\t<\/section>\n\t\t\t\t\t<\/div>\n\t\t<\/div>\n\t\t\t\t\t\t\t<\/div>\n\t\t<\/section>\n\t\t\t\t<section class=\"elementor-section elementor-top-section elementor-element elementor-element-4c39dbe0 elementor-section-boxed elementor-section-height-default elementor-section-height-default\" data-id=\"4c39dbe0\" data-element_type=\"section\">\n\t\t\t\t\t\t<div class=\"elementor-container elementor-column-gap-default\">\n\t\t\t\t\t<div class=\"elementor-column elementor-col-100 elementor-top-column elementor-element elementor-element-2bb7e15b\" data-id=\"2bb7e15b\" data-element_type=\"column\">\n\t\t\t<div class=\"elementor-widget-wrap elementor-element-populated\">\n\t\t\t\t\t\t\t\t<div class=\"elementor-element elementor-element-f451a57 elementor-widget elementor-widget-spacer\" data-id=\"f451a57\" data-element_type=\"widget\" data-widget_type=\"spacer.default\">\n\t\t\t\t<div class=\"elementor-widget-container\">\n\t\t\t<style>\/*! elementor - v3.7.8 - 02-10-2022 *\/\n.elementor-column .elementor-spacer-inner{height:var(--spacer-size)}.e-container{--container-widget-width:100%}.e-container>.elementor-widget-spacer{width:var(--container-widget-width,var(--spacer-size));-ms-flex-item-align:stretch;align-self:stretch;-ms-flex-negative:0;flex-shrink:0}.e-container>.elementor-widget-spacer>.elementor-widget-container,.e-container>.elementor-widget-spacer>.elementor-widget-container>.elementor-spacer{height:100%}.e-container>.elementor-widget-spacer>.elementor-widget-container>.elementor-spacer>.elementor-spacer-inner{height:var(--container-widget-height,var(--spacer-size))}<\/style>\t\t<div class=\"elementor-spacer\">\n\t\t\t<div class=\"elementor-spacer-inner\"><\/div>\n\t\t<\/div>\n\t\t\t\t<\/div>\n\t\t\t\t<\/div>\n\t\t\t\t<section class=\"elementor-section elementor-inner-section elementor-element elementor-element-56218230 elementor-section-boxed elementor-section-height-default elementor-section-height-default\" data-id=\"56218230\" data-element_type=\"section\">\n\t\t\t\t\t\t<div class=\"elementor-container elementor-column-gap-default\">\n\t\t\t\t\t<div class=\"elementor-column elementor-col-100 elementor-inner-column elementor-element elementor-element-31e2794e\" data-id=\"31e2794e\" data-element_type=\"column\">\n\t\t\t<div class=\"elementor-widget-wrap elementor-element-populated\">\n\t\t\t\t\t\t\t\t<div class=\"elementor-element elementor-element-7496b05b elementor-widget elementor-widget-elementskit-heading\" data-id=\"7496b05b\" data-element_type=\"widget\" data-widget_type=\"elementskit-heading.default\">\n\t\t\t\t<div class=\"elementor-widget-container\">\n\t\t\t<div class=\"ekit-wid-con\" ><div class=\"ekit-heading elementskit-section-title-wraper text_center   ekit_heading_tablet-   ekit_heading_mobile-\"><h2 class=\"ekit-heading--title elementskit-section-title \">\n\t\t\t\t\tCont\u00e1ctanos\n\t\t\t\t\t<\/h2><div class=\"ekit_heading_separetor_wraper ekit_heading_elementskit-border-divider\"><div class=\"elementskit-border-divider\"><\/div><\/div>\t\t\t\t<div class='ekit-heading__description'>\n\t\t\t\t\t<p><span style=\"font-weight: 400\">No pierdas la oportunidad de conocernos, estamos a tus \u00f3rdenes.<\/span><\/p>\n\t\t\t\t<\/div>\n\t\t\t<\/div><\/div>\t\t<\/div>\n\t\t\t\t<\/div>\n\t\t\t\t\t<\/div>\n\t\t<\/div>\n\t\t\t\t\t\t\t<\/div>\n\t\t<\/section>\n\t\t\t\t<section class=\"elementor-section elementor-inner-section elementor-element elementor-element-41450cd5 elementor-section-boxed elementor-section-height-default elementor-section-height-default\" data-id=\"41450cd5\" data-element_type=\"section\">\n\t\t\t\t\t\t<div class=\"elementor-container elementor-column-gap-default\">\n\t\t\t\t\t<div class=\"elementor-column elementor-col-33 elementor-inner-column elementor-element elementor-element-403e369c\" data-id=\"403e369c\" data-element_type=\"column\">\n\t\t\t<div class=\"elementor-widget-wrap elementor-element-populated\">\n\t\t\t\t\t\t\t\t<div class=\"elementor-element elementor-element-34f32f35 ekit-equal-height-disable elementor-widget elementor-widget-elementskit-icon-box\" data-id=\"34f32f35\" data-element_type=\"widget\" data-widget_type=\"elementskit-icon-box.default\">\n\t\t\t\t<div class=\"elementor-widget-container\">\n\t\t\t<div class=\"ekit-wid-con\" >        <!-- link opening -->\n                <!-- end link opening -->\n\n        <div class=\"elementskit-infobox text-center text-center icon-top-align elementor-animation-   \">\n                    <div class=\"elementskit-box-header elementor-animation-\">\n                <div class=\"elementskit-info-box-icon  \">\n                    <i aria-hidden=\"true\" class=\"elementkit-infobox-icon fab fa-whatsapp\"><\/i>\n                <\/div>\n          <\/div>\n                        <div class=\"box-body\">\n                            <h3 class=\"elementskit-info-box-title\">\n                    241-177-8148                <\/h3>\n                                                    <div class=\"box-footer disable_hover_button\">\n                    <div class=\"btn-wraper\">\n                                                            <a href=\"https:\/\/wa.me\/+522411778148\" target=\"_self\" rel=\"\" class=\"elementskit-btn whitespace--normal elementor-animation-\">\n                                        Chatea con nosotros                                    <\/a>\n                                                        <\/div>\n                <\/div>\n                    <\/div>\n        \n        \n                <\/div>\n        <\/div>\t\t<\/div>\n\t\t\t\t<\/div>\n\t\t\t\t\t<\/div>\n\t\t<\/div>\n\t\t\t\t<div class=\"elementor-column elementor-col-33 elementor-inner-column elementor-element elementor-element-314be87\" data-id=\"314be87\" data-element_type=\"column\">\n\t\t\t<div class=\"elementor-widget-wrap elementor-element-populated\">\n\t\t\t\t\t\t\t\t<div class=\"elementor-element elementor-element-48d20b7a ekit-equal-height-disable elementor-widget elementor-widget-elementskit-icon-box\" data-id=\"48d20b7a\" data-element_type=\"widget\" data-widget_type=\"elementskit-icon-box.default\">\n\t\t\t\t<div class=\"elementor-widget-container\">\n\t\t\t<div class=\"ekit-wid-con\" >        <!-- link opening -->\n                <a href=\"#\" target=\"_self\" rel=\"\" class=\"ekit_global_links\">\n                <!-- end link opening -->\n\n        <div class=\"elementskit-infobox text-center text- icon-top-align elementor-animation-   \">\n                    <div class=\"elementskit-box-header elementor-animation-\">\n                <div class=\"elementskit-info-box-icon  \">\n                    \n                <\/div>\n          <\/div>\n                        <div class=\"box-body\">\n                                            <\/div>\n        \n        \n                <\/div>\n                <\/a>\n        <\/div>\t\t<\/div>\n\t\t\t\t<\/div>\n\t\t\t\t\t<\/div>\n\t\t<\/div>\n\t\t\t\t<div class=\"elementor-column elementor-col-33 elementor-inner-column elementor-element elementor-element-13fcf2ff\" data-id=\"13fcf2ff\" data-element_type=\"column\">\n\t\t\t<div class=\"elementor-widget-wrap elementor-element-populated\">\n\t\t\t\t\t\t\t\t<div class=\"elementor-element elementor-element-40f23d16 ekit-equal-height-disable elementor-widget elementor-widget-elementskit-icon-box\" data-id=\"40f23d16\" data-element_type=\"widget\" data-widget_type=\"elementskit-icon-box.default\">\n\t\t\t\t<div class=\"elementor-widget-container\">\n\t\t\t<div class=\"ekit-wid-con\" >        <!-- link opening -->\n                <!-- end link opening -->\n\n        <div class=\"elementskit-infobox text-center text- icon-top-align elementor-animation-   \">\n                    <div class=\"elementskit-box-header elementor-animation-\">\n                <div class=\"elementskit-info-box-icon  \">\n                    <i aria-hidden=\"true\" class=\"elementkit-infobox-icon icon icon-email\"><\/i>\n                <\/div>\n          <\/div>\n                        <div class=\"box-body\">\n                            <h3 class=\"elementskit-info-box-title\">\n                    vinculacioniesbj@iesbenitojuarez.edu.mx                <\/h3>\n                                                    <div class=\"box-footer disable_hover_button\">\n                    <div class=\"btn-wraper\">\n                                                            <a href=\"mailto:%20vinculacioniesbj@iesbenitojuarez.edu.mx\" target=\"_self\" rel=\"\" class=\"elementskit-btn whitespace--normal elementor-animation-\">\n                                        Escr\u00edbenos                                    <\/a>\n                                                        <\/div>\n                <\/div>\n                    <\/div>\n        \n        \n                <\/div>\n        <\/div>\t\t<\/div>\n\t\t\t\t<\/div>\n\t\t\t\t\t<\/div>\n\t\t<\/div>\n\t\t\t\t\t\t\t<\/div>\n\t\t<\/section>\n\t\t\t\t<div class=\"elementor-element elementor-element-5fe1fe8 elementor-widget elementor-widget-heading\" data-id=\"5fe1fe8\" data-element_type=\"widget\" data-widget_type=\"heading.default\">\n\t\t\t\t<div class=\"elementor-widget-container\">\n\t\t\t<h2 class=\"elementor-heading-title elementor-size-default\">Tambi\u00e9n puedes visitarnos<\/h2>\t\t<\/div>\n\t\t\t\t<\/div>\n\t\t\t\t<div class=\"elementor-element elementor-element-22505c2 elementor-icon-list--layout-traditional elementor-list-item-link-full_width elementor-widget elementor-widget-icon-list\" data-id=\"22505c2\" data-element_type=\"widget\" data-widget_type=\"icon-list.default\">\n\t\t\t\t<div class=\"elementor-widget-container\">\n\t\t\t<link rel=\"stylesheet\" href=\"https:\/\/iesbenitojuarez.edu.mx\/home\/wp-content\/plugins\/elementor\/assets\/css\/widget-icon-list.min.css\">\t\t<ul class=\"elementor-icon-list-items\">\n\t\t\t\t\t\t\t<li class=\"elementor-icon-list-item\">\n\t\t\t\t\t\t\t\t\t\t\t<span class=\"elementor-icon-list-icon\">\n\t\t\t\t\t\t\t<i aria-hidden=\"true\" class=\"icon icon-placeholder\"><\/i>\t\t\t\t\t\t<\/span>\n\t\t\t\t\t\t\t\t\t\t<span class=\"elementor-icon-list-text\">Calle Marcial Aguila Fraccionamiento La Noria 1 90450 Apizaco, M\u00e9xico<\/span>\n\t\t\t\t\t\t\t\t\t<\/li>\n\t\t\t\t\t\t\t\t<li class=\"elementor-icon-list-item\">\n\t\t\t\t\t\t\t\t\t\t\t<span class=\"elementor-icon-list-icon\">\n\t\t\t\t\t\t\t<i aria-hidden=\"true\" class=\"far fa-calendar-alt\"><\/i>\t\t\t\t\t\t<\/span>\n\t\t\t\t\t\t\t\t\t\t<span class=\"elementor-icon-list-text\">Lunes a Viernes de  9:00 hrs. a 13:00 hrs.<\/span>\n\t\t\t\t\t\t\t\t\t<\/li>\n\t\t\t\t\t\t<\/ul>\n\t\t\t\t<\/div>\n\t\t\t\t<\/div>\n\t\t\t\t<div class=\"elementor-element elementor-element-4d71dbe elementor-widget elementor-widget-google_maps\" data-id=\"4d71dbe\" data-element_type=\"widget\" data-widget_type=\"google_maps.default\">\n\t\t\t\t<div class=\"elementor-widget-container\">\n\t\t\t<style>\/*! elementor - v3.7.8 - 02-10-2022 *\/\n.elementor-widget-google_maps .elementor-widget-container{overflow:hidden}.elementor-widget-google_maps iframe{height:300px}<\/style>\t\t<div class=\"elementor-custom-embed\">\n\t\t\t<iframe frameborder=\"0\" scrolling=\"no\" marginheight=\"0\" marginwidth=\"0\"\n\t\t\t\t\tsrc=\"https:\/\/maps.google.com\/maps?q=IESBJ&#038;t=m&#038;z=20&#038;output=embed&#038;iwloc=near\"\n\t\t\t\t\ttitle=\"IESBJ\"\n\t\t\t\t\taria-label=\"IESBJ\"\n\t\t\t><\/iframe>\n\t\t<\/div>\n\t\t\t\t<\/div>\n\t\t\t\t<\/div>\n\t\t\t\t\t<\/div>\n\t\t<\/div>\n\t\t\t\t\t\t\t<\/div>\n\t\t<\/section>\n\t\t\t\t\t\t\t<\/div>\n\t\t","protected":false},"excerpt":{"rendered":"<p>Agenda una cita Estamos aqu\u00ed para ayudarte\u00a0 Si quieres solicitar m\u00e1s informaci\u00f3n, puedes rellenar el siguiente formulario y envi\u00e1rnoslo. Uno de nuestros asesores se pondr\u00e1 en contacto contigo en las pr\u00f3ximas 24 horas para resolver tus dudas y ofrecerte toda la informaci\u00f3n&#8230;<\/p>\n","protected":false},"author":1,"featured_media":0,"parent":0,"menu_order":0,"comment_status":"closed","ping_status":"closed","template":"elementor_header_footer","meta":{"_editorskit_title_hidden":false,"_editorskit_reading_time":0,"_editorskit_is_block_options_detached":false,"_editorskit_block_options_position":"{}"},"jetpack_sharing_enabled":true,"jetpack_likes_enabled":true,"_links":{"self":[{"href":"https:\/\/iesbenitojuarez.edu.mx\/home\/index.php\/wp-json\/wp\/v2\/pages\/74"}],"collection":[{"href":"https:\/\/iesbenitojuarez.edu.mx\/home\/index.php\/wp-json\/wp\/v2\/pages"}],"about":[{"href":"https:\/\/iesbenitojuarez.edu.mx\/home\/index.php\/wp-json\/wp\/v2\/types\/page"}],"author":[{"embeddable":true,"href":"https:\/\/iesbenitojuarez.edu.mx\/home\/index.php\/wp-json\/wp\/v2\/users\/1"}],"replies":[{"embeddable":true,"href":"https:\/\/iesbenitojuarez.edu.mx\/home\/index.php\/wp-json\/wp\/v2\/comments?post=74"}],"version-history":[{"count":88,"href":"https:\/\/iesbenitojuarez.edu.mx\/home\/index.php\/wp-json\/wp\/v2\/pages\/74\/revisions"}],"predecessor-version":[{"id":1371,"href":"https:\/\/iesbenitojuarez.edu.mx\/home\/index.php\/wp-json\/wp\/v2\/pages\/74\/revisions\/1371"}],"wp:attachment":[{"href":"https:\/\/iesbenitojuarez.edu.mx\/home\/index.php\/wp-json\/wp\/v2\/media?parent=74"}],"curies":[{"name":"wp","href":"https:\/\/api.w.org\/{rel}","templated":true}]}}