{"id":380,"date":"2022-10-14T17:33:16","date_gmt":"2022-10-14T17:33:16","guid":{"rendered":"https:\/\/iesbenitojuarez.edu.mx\/home\/?page_id=380"},"modified":"2022-11-08T08:43:50","modified_gmt":"2022-11-08T14:43:50","slug":"aviso-de-privacidad","status":"publish","type":"page","link":"https:\/\/iesbenitojuarez.edu.mx\/home\/index.php\/aviso-de-privacidad\/","title":{"rendered":"Aviso de Privacidad"},"content":{"rendered":"\t\t<div data-elementor-type=\"wp-page\" data-elementor-id=\"380\" class=\"elementor elementor-380\">\n\t\t\t\t\t\t\t\t\t<section class=\"elementor-section elementor-top-section elementor-element elementor-element-02dbca0 elementor-section-boxed elementor-section-height-default elementor-section-height-default\" data-id=\"02dbca0\" data-element_type=\"section\">\n\t\t\t\t\t\t<div class=\"elementor-container elementor-column-gap-default\">\n\t\t\t\t\t<div class=\"elementor-column elementor-col-100 elementor-top-column elementor-element elementor-element-7aeb15a\" data-id=\"7aeb15a\" data-element_type=\"column\">\n\t\t\t<div class=\"elementor-widget-wrap elementor-element-populated\">\n\t\t\t\t\t\t\t\t<div class=\"elementor-element elementor-element-973351f elementor-widget elementor-widget-heading\" data-id=\"973351f\" data-element_type=\"widget\" data-widget_type=\"heading.default\">\n\t\t\t\t<div class=\"elementor-widget-container\">\n\t\t\t<style>\/*! elementor - v3.7.8 - 02-10-2022 *\/\n.elementor-heading-title{padding:0;margin:0;line-height:1}.elementor-widget-heading .elementor-heading-title[class*=elementor-size-]>a{color:inherit;font-size:inherit;line-height:inherit}.elementor-widget-heading .elementor-heading-title.elementor-size-small{font-size:15px}.elementor-widget-heading .elementor-heading-title.elementor-size-medium{font-size:19px}.elementor-widget-heading .elementor-heading-title.elementor-size-large{font-size:29px}.elementor-widget-heading .elementor-heading-title.elementor-size-xl{font-size:39px}.elementor-widget-heading .elementor-heading-title.elementor-size-xxl{font-size:59px}<\/style><h2 class=\"elementor-heading-title elementor-size-default\">AVISO DE PRIVACIDAD<br>INSTITUTO DE ESTUDIOS SUPERIORES BENITO JU\u00c1REZ<\/h2>\t\t<\/div>\n\t\t\t\t<\/div>\n\t\t\t\t<div class=\"elementor-element elementor-element-b0aa5cc elementor-widget elementor-widget-text-editor\" data-id=\"b0aa5cc\" data-element_type=\"widget\" data-widget_type=\"text-editor.default\">\n\t\t\t\t<div class=\"elementor-widget-container\">\n\t\t\t<style>\/*! elementor - v3.7.8 - 02-10-2022 *\/\n.elementor-widget-text-editor.elementor-drop-cap-view-stacked .elementor-drop-cap{background-color:#818a91;color:#fff}.elementor-widget-text-editor.elementor-drop-cap-view-framed .elementor-drop-cap{color:#818a91;border:3px solid;background-color:transparent}.elementor-widget-text-editor:not(.elementor-drop-cap-view-default) .elementor-drop-cap{margin-top:8px}.elementor-widget-text-editor:not(.elementor-drop-cap-view-default) .elementor-drop-cap-letter{width:1em;height:1em}.elementor-widget-text-editor .elementor-drop-cap{float:left;text-align:center;line-height:1;font-size:50px}.elementor-widget-text-editor .elementor-drop-cap-letter{display:inline-block}<\/style>\t\t\t\t<p>Con fundamento en los art\u00edculos 15 y 16 de la Ley Federal de Protecci\u00f3n de Datos Personales en Posesi\u00f3n de Particulares hacemos de su conocimiento que el Instituto de Estudios Superiores Benito Ju\u00e1rez con domicilio en Calle Marcial \u00c1guila 312 Fraccionamiento la Noria Apizaco C.P. 90360, es responsable de recabar sus datos personales, del uso que se le d\u00e9 a los mismos y de su protecci\u00f3n.<\/p><p><em style=\"text-align: start;\"><strong>Su informaci\u00f3n personal ser\u00e1 utilizada para las siguientes finalidades:<\/strong><\/em><\/p><p>1. Crear una base de datos de los alumnos inscritos que nos permita llevar un control escolar efectivo.<br \/>2. Tener contacto con padres de familia y\/o tutores para tratar cuestiones relacionadas con sus hijos<br \/>3. As\u00ed como para estar al tanto de alguna cuesti\u00f3n m\u00e9dica que tuviera que tenerse en cuenta en caso de presentarse una contingencia;<br \/>4. Informar y presentar a la autoridad a la que estamos incorporados Secretar\u00eda de Educaci\u00f3n P\u00fablica, la documentaci\u00f3n e informaci\u00f3n requerida para dar de alta al alumno en el sistema; para hacer llegar informaci\u00f3n acad\u00e9mica o de servicios escolares de forma oportuna a los alumnos y\/o tutores.<em style=\"text-align: start;\"><strong><br \/><\/strong><\/em><\/p><p><em><strong>Para las finalidades antes mencionadas requerimos obtener, entre otros, los siguientes datos personales:<\/strong><\/em><\/p><p>1. Nombre y apellidos completos,<br \/>2. Edad, fecha de nacimiento,<br \/>3. Direcci\u00f3n de domicilio actual,<br \/>4. Tel\u00e9fonos de casa, trabajo, m\u00f3vil y<br \/>5. Correos electr\u00f3nicos de los padres o tutores,<\/p><p>As\u00ed como informaci\u00f3n acerca de la salud del alumno, y en caso de alg\u00fan padecimiento cr\u00f3nico, se requiere tambi\u00e9n la informaci\u00f3n del m\u00e9dico tratante.<\/p><p><br \/>Es importante informarle que usted tiene derecho al Acceso, Rectificaci\u00f3n y Cancelaci\u00f3n de sus datos personales, a oponerse al tratamiento de los mismos o a revocar el consentimiento que para dicho fin nos haya otorgado y para ello es necesario que env\u00ede la solicitud en los t\u00e9rminos que marca la ley en su art\u00edculo 29 a universidad \u201cInstituto de Estudios Superiores Benito Ju\u00e1rez\u201d con atenci\u00f3n a nuestro responsable del \u00e1rea o nuestro departamento de Protecci\u00f3n de datos personales, ubicado en el domicilio antes citado, o bien se comunique al tel\u00e9fono 241 177 8148 o 241 11 307 85 , o v\u00eda correo electr\u00f3nico iesbenitojuarez@yahoo.com.<\/p><p><br \/>Solicitamos confirmaci\u00f3n v\u00eda telef\u00f3nica, para garantizar su recepci\u00f3n. Por otra parte, hacemos de su conocimiento que sus datos podr\u00e1n ser transferidos a entidades de gobierno, subsidiarias o afiliadas a la universidad \u201cInstituto de Estudios Superiores Benito Ju\u00e1rez\u201d, con el objetivo general de cumplir con las finalidades para las que nos ha proporcionado sus datos.<\/p><p><br \/>En caso de que no obtengamos su oposici\u00f3n expresa para que sus datos personales sean transferidos en la forma y t\u00e9rminos antes descritos, entenderemos que ha otorgado usted su consentimiento en forma t\u00e1cita para ello. Cualquier modificaci\u00f3n y\/o actualizaci\u00f3n a este Aviso de Privacidad podr\u00e1 consultarlo en: https:\/\/iesbenitojuarez.edu.mx<\/p>\t\t\t\t\t\t<\/div>\n\t\t\t\t<\/div>\n\t\t\t\t\t<\/div>\n\t\t<\/div>\n\t\t\t\t\t\t\t<\/div>\n\t\t<\/section>\n\t\t\t\t\t\t\t<\/div>\n\t\t","protected":false},"excerpt":{"rendered":"<p>AVISO DE PRIVACIDADINSTITUTO DE ESTUDIOS SUPERIORES BENITO JU\u00c1REZ Con fundamento en los art\u00edculos 15 y 16 de la Ley Federal de Protecci\u00f3n de Datos Personales en Posesi\u00f3n de Particulares hacemos de su conocimiento que el Instituto de Estudios Superiores Benito Ju\u00e1rez con&#8230;<\/p>\n","protected":false},"author":1,"featured_media":0,"parent":0,"menu_order":0,"comment_status":"closed","ping_status":"closed","template":"elementor_header_footer","meta":{"_editorskit_title_hidden":true,"_editorskit_reading_time":1,"_editorskit_is_block_options_detached":false,"_editorskit_block_options_position":"{}"},"jetpack_sharing_enabled":true,"jetpack_likes_enabled":true,"_links":{"self":[{"href":"https:\/\/iesbenitojuarez.edu.mx\/home\/index.php\/wp-json\/wp\/v2\/pages\/380"}],"collection":[{"href":"https:\/\/iesbenitojuarez.edu.mx\/home\/index.php\/wp-json\/wp\/v2\/pages"}],"about":[{"href":"https:\/\/iesbenitojuarez.edu.mx\/home\/index.php\/wp-json\/wp\/v2\/types\/page"}],"author":[{"embeddable":true,"href":"https:\/\/iesbenitojuarez.edu.mx\/home\/index.php\/wp-json\/wp\/v2\/users\/1"}],"replies":[{"embeddable":true,"href":"https:\/\/iesbenitojuarez.edu.mx\/home\/index.php\/wp-json\/wp\/v2\/comments?post=380"}],"version-history":[{"count":23,"href":"https:\/\/iesbenitojuarez.edu.mx\/home\/index.php\/wp-json\/wp\/v2\/pages\/380\/revisions"}],"predecessor-version":[{"id":719,"href":"https:\/\/iesbenitojuarez.edu.mx\/home\/index.php\/wp-json\/wp\/v2\/pages\/380\/revisions\/719"}],"wp:attachment":[{"href":"https:\/\/iesbenitojuarez.edu.mx\/home\/index.php\/wp-json\/wp\/v2\/media?parent=380"}],"curies":[{"name":"wp","href":"https:\/\/api.w.org\/{rel}","templated":true}]}}